{"id":259,"date":"2023-08-23T00:22:01","date_gmt":"2023-08-23T00:22:01","guid":{"rendered":"https:\/\/akademia.depende.eu\/?page_id=259"},"modified":"2025-08-20T06:07:40","modified_gmt":"2025-08-20T06:07:40","slug":"cennik","status":"publish","type":"page","link":"https:\/\/akademia.depende.eu\/index.php\/cennik\/","title":{"rendered":"CENNIK"},"content":{"rendered":"\n<p><\/p>\n\n\n<div class=\"wp-block-image animated backInLeft delay-200ms\">\n<figure class=\"aligncenter size-full is-resized\"><a href=\"https:\/\/akademia.depende.eu\/wp-content\/uploads\/2025\/08\/indywidualny.jpg\"><img decoding=\"async\" loading=\"lazy\" width=\"2000\" height=\"1414\" src=\"https:\/\/akademia.depende.eu\/wp-content\/uploads\/2025\/08\/indywidualny.jpg\" alt=\"\" class=\"wp-image-2742\" style=\"object-fit:contain;width:818px;height:609px\"\/><\/a><figcaption class=\"wp-element-caption\">cennik zaj\u0119\u0107 indywidualnych- rok szkolny 2025\/2026<\/figcaption><\/figure><\/div>\n\n<div class=\"wp-block-image animated backInRight delay-200ms\">\n<figure class=\"aligncenter size-full is-resized\"><a href=\"https:\/\/akademia.depende.eu\/wp-content\/uploads\/2025\/08\/Teddy-Eddie.jpg\"><img decoding=\"async\" loading=\"lazy\" width=\"2000\" height=\"1414\" src=\"https:\/\/akademia.depende.eu\/wp-content\/uploads\/2025\/08\/Teddy-Eddie.jpg\" alt=\"\" class=\"wp-image-2743\" style=\"object-fit:contain;width:814px;height:610px\"\/><\/a><figcaption class=\"wp-element-caption\">cennik zaj\u0119\u0107 Teddy Eddie &#8211; rok szkolny 2025\/2026<\/figcaption><\/figure><\/div>\n\n<div class=\"wp-block-image animated backInUp delay-200ms\">\n<figure class=\"aligncenter size-full is-resized\"><a href=\"https:\/\/akademia.depende.eu\/wp-content\/uploads\/2025\/08\/grupowy.jpg\"><img decoding=\"async\" loading=\"lazy\" width=\"2000\" height=\"1414\" src=\"https:\/\/akademia.depende.eu\/wp-content\/uploads\/2025\/08\/grupowy.jpg\" alt=\"\" class=\"wp-image-2741\" style=\"object-fit:contain;width:810px;height:608px\"\/><\/a><figcaption class=\"wp-element-caption\">cennik zaj\u0119\u0107 Savvy Ed &#8211; zaj\u0119cia grupowe &#8211; rok szkolny 2025\/2026<\/figcaption><\/figure><\/div>","protected":false},"excerpt":{"rendered":"","protected":false},"author":1,"featured_media":261,"parent":0,"menu_order":0,"comment_status":"closed","ping_status":"closed","template":"page-templates\/full-width-page.php","meta":{"_themeisle_gutenberg_block_has_review":false,"footnotes":""},"_links":{"self":[{"href":"https:\/\/akademia.depende.eu\/index.php\/wp-json\/wp\/v2\/pages\/259"}],"collection":[{"href":"https:\/\/akademia.depende.eu\/index.php\/wp-json\/wp\/v2\/pages"}],"about":[{"href":"https:\/\/akademia.depende.eu\/index.php\/wp-json\/wp\/v2\/types\/page"}],"author":[{"embeddable":true,"href":"https:\/\/akademia.depende.eu\/index.php\/wp-json\/wp\/v2\/users\/1"}],"replies":[{"embeddable":true,"href":"https:\/\/akademia.depende.eu\/index.php\/wp-json\/wp\/v2\/comments?post=259"}],"version-history":[{"count":11,"href":"https:\/\/akademia.depende.eu\/index.php\/wp-json\/wp\/v2\/pages\/259\/revisions"}],"predecessor-version":[{"id":2746,"href":"https:\/\/akademia.depende.eu\/index.php\/wp-json\/wp\/v2\/pages\/259\/revisions\/2746"}],"wp:featuredmedia":[{"embeddable":true,"href":"https:\/\/akademia.depende.eu\/index.php\/wp-json\/wp\/v2\/media\/261"}],"wp:attachment":[{"href":"https:\/\/akademia.depende.eu\/index.php\/wp-json\/wp\/v2\/media?parent=259"}],"curies":[{"name":"wp","href":"https:\/\/api.w.org\/{rel}","templated":true}]}}