{"id":2062,"date":"2023-09-04T13:19:54","date_gmt":"2023-09-04T13:19:54","guid":{"rendered":"https:\/\/akademia.depende.eu\/index.php\/wycena\/"},"modified":"2023-09-04T18:30:52","modified_gmt":"2023-09-04T18:30:52","slug":"wycena","status":"publish","type":"page","link":"https:\/\/akademia.depende.eu\/index.php\/wycena\/","title":{"rendered":"wycena"},"content":{"rendered":"<div data-colibri-id=\"2062-c1\" class=\"style-1149 style-local-2062-c1 position-relative\">\n  <!---->\n  <div data-colibri-component=\"section\" data-colibri-id=\"2062-c2\" id=\"wycena\" class=\"h-section h-section-global-spacing d-flex align-items-lg-center align-items-md-center align-items-center style-1150 style-local-2062-c2 position-relative\">\n    <!---->\n    <!---->\n    <div class=\"h-section-grid-container h-section-boxed-container\">\n      <!---->\n      <div data-colibri-id=\"2062-c45\" class=\"h-row-container gutters-row-lg-2 gutters-row-md-2 gutters-row-0 gutters-row-v-lg-2 gutters-row-v-md-2 gutters-row-v-2 style-1175 style-local-2062-c45 position-relative\">\n        <!---->\n        <div class=\"h-row justify-content-lg-center justify-content-md-center justify-content-center align-items-lg-stretch align-items-md-stretch align-items-stretch gutters-col-lg-2 gutters-col-md-2 gutters-col-0 gutters-col-v-lg-2 gutters-col-v-md-2 gutters-col-v-2\">\n          <!---->\n          <div class=\"h-column h-column-container d-flex h-col-lg-auto h-col-md-auto h-col-auto style-1176-outer style-local-2062-c46-outer\">\n            <div data-colibri-id=\"2062-c46\" class=\"d-flex h-flex-basis h-column__inner h-px-lg-2 h-px-md-2 h-px-2 v-inner-lg-2 v-inner-md-2 v-inner-2 style-1176 style-local-2062-c46 position-relative\">\n              <!---->\n              <!---->\n              <div class=\"w-100 h-y-container h-column__content h-column__v-align flex-basis-100 align-self-lg-start align-self-md-start align-self-start\">\n                <!---->\n                <div data-colibri-id=\"2062-c47\" class=\"style-1177 style-local-2062-c47 position-relative h-element\">\n                  <!---->\n                <\/div>\n              <\/div>\n            <\/div>\n          <\/div>\n        <\/div>\n      <\/div>\n      <div data-colibri-id=\"2062-c41\" class=\"h-row-container gutters-row-lg-2 gutters-row-md-2 gutters-row-0 gutters-row-v-lg-2 gutters-row-v-md-2 gutters-row-v-2 style-1171 style-local-2062-c41 position-relative\">\n        <!---->\n        <div class=\"h-row justify-content-lg-center justify-content-md-center justify-content-center align-items-lg-stretch align-items-md-stretch align-items-stretch gutters-col-lg-2 gutters-col-md-2 gutters-col-0 gutters-col-v-lg-2 gutters-col-v-md-2 gutters-col-v-2\">\n          <!---->\n          <div class=\"h-column h-column-container d-flex h-col-lg-auto h-col-md-auto h-col-auto style-1172-outer style-local-2062-c42-outer\">\n            <div data-colibri-id=\"2062-c42\" class=\"d-flex h-flex-basis h-column__inner h-px-lg-2 h-px-md-2 h-px-2 v-inner-lg-2 v-inner-md-2 v-inner-2 style-1172 style-local-2062-c42 position-relative\">\n              <!---->\n              <!---->\n              <div class=\"w-100 h-y-container h-column__content h-column__v-align flex-basis-100 align-self-lg-start align-self-md-start align-self-start\">\n                <!---->\n                <div data-colibri-id=\"2062-c43\" class=\"h-global-transition-all h-heading style-1173 style-local-2062-c43 position-relative h-element\">\n                  <!---->\n                  <div class=\"h-heading__outer style-1173 style-local-2062-c43\">\n                    <!---->\n                    <!---->\n                    <h1 class=\"\">Wycena uzale\u017cniona jest od kilku czynnik\u00f3w:\n                      <br>\n                      <br>\n                    <\/h1>\n                  <\/div>\n                <\/div>\n              <\/div>\n            <\/div>\n          <\/div>\n        <\/div>\n      <\/div>\n      <div data-colibri-id=\"2062-c3\" class=\"h-row-container gutters-row-lg-1 gutters-row-md-0 gutters-row-2 gutters-row-v-lg-1 gutters-row-v-md-0 gutters-row-v-1 style-1151 style-local-2062-c3 position-relative\">\n        <!---->\n        <div class=\"h-row justify-content-lg-center justify-content-md-center justify-content-center align-items-lg-stretch align-items-md-stretch align-items-stretch gutters-col-lg-1 gutters-col-md-0 gutters-col-2 gutters-col-v-lg-1 gutters-col-v-md-0 gutters-col-v-1\">\n          <!---->\n          <div class=\"h-column h-column-container d-flex h-col-lg-4 h-col-md-4 h-col-12 style-1152-outer style-local-2062-c4-outer\">\n            <div data-colibri-id=\"2062-c4\" class=\"d-flex h-flex-basis h-column__inner h-px-lg-2 h-px-md-3 h-px-2 v-inner-lg-0 v-inner-md-3 v-inner-2 style-1152 style-local-2062-c4 position-relative\">\n              <!---->\n              <!---->\n              <div class=\"w-100 h-y-container h-column__content h-column__v-align flex-basis-100 align-self-lg-start align-self-md-start align-self-start\">\n                <!---->\n                <div data-colibri-id=\"2062-c5\" class=\"h-icon style-1153 style-local-2062-c5 position-relative h-element\">\n                  <!----><span class=\"h-svg-icon h-icon__icon style-1153-icon style-local-2062-c5-icon\"><!--Icon by Font Awesome (https:\/\/fontawesome.com)-->\n    <svg version=\"1.1\" xmlns=\"http:\/\/www.w3.org\/2000\/svg\" xmlns:xlink=\"http:\/\/www.w3.org\/1999\/xlink\" id=\"users\" viewBox=\"0 0 1920 1896.0833\">\n      <path d=\"M593 896q-162 5-265 128H194q-82 0-138-40.5T0 865q0-353 124-353 6 0 43.5 21t97.5 42.5T384 597q67 0 133-23-5 37-5 66 0 139 81 256zm1071 637q0 120-73 189.5t-194 69.5H523q-121 0-194-69.5T256 1533q0-53 3.5-103.5t14-109T300 1212t43-97.5 62-81 85.5-53.5T602 960q10 0 43 21.5t73 48 107 48 135 21.5 135-21.5 107-48 73-48 43-21.5q61 0 111.5 20t85.5 53.5 62 81 43 97.5 26.5 108.5 14 109 3.5 103.5zM640 256q0 106-75 181t-181 75-181-75-75-181 75-181T384 0t181 75 75 181zm704 384q0 159-112.5 271.5T960 1024 688.5 911.5 576 640t112.5-271.5T960 256t271.5 112.5T1344 640zm576 225q0 78-56 118.5t-138 40.5h-134q-103-123-265-128 81-117 81-256 0-29-5-66 66 23 133 23 59 0 119-21.5t97.5-42.5 43.5-21q124 0 124 353zm-128-609q0 106-75 181t-181 75-181-75-75-181 75-181 181-75 181 75 75 181z\"><\/path>\n    <\/svg><\/span><\/div>\n                <div data-colibri-id=\"2062-c6\" class=\"h-global-transition-all h-heading style-1154 style-local-2062-c6 position-relative h-element\">\n                  <!---->\n                  <div class=\"h-heading__outer style-1154 style-local-2062-c6\">\n                    <!---->\n                    <!---->\n                    <h5 class=\"\">ilo\u015b\u0107 os\u00f3b w grupie<\/h5>\n                  <\/div>\n                <\/div>\n                <div data-colibri-id=\"2062-c7\" class=\"h-text h-text-component style-1155 style-local-2062-c7 position-relative h-element\">\n                  <!---->\n                  <!---->\n                  <div class=\"\">\n                    <p>Cena kursu zale\u017cy od liczebno\u015bci os\u00f3b w danej grupie. Im wi\u0119cej os\u00f3b tym cena za kurs b\u0119dzie korzystniejsza. Inna cena jest za kurs w grupie a inna za zaj\u0119cia indywidulane jeden na jeden.<\/p>\n                  <\/div>\n                <\/div>\n              <\/div>\n            <\/div>\n          <\/div>\n          <div class=\"h-column h-column-container d-flex h-col-lg-4 h-col-md-4 h-col-12 style-1152-outer style-local-2062-c8-outer\">\n            <div data-colibri-id=\"2062-c8\" class=\"d-flex h-flex-basis h-column__inner h-px-lg-2 h-px-md-3 h-px-2 v-inner-lg-0 v-inner-md-3 v-inner-2 style-1152 style-local-2062-c8 position-relative\">\n              <!---->\n              <!---->\n              <div class=\"w-100 h-y-container h-column__content h-column__v-align flex-basis-100 align-self-lg-start align-self-md-start align-self-start\">\n                <!---->\n                <div data-colibri-id=\"2062-c9\" class=\"h-icon style-1153 style-local-2062-c9 position-relative h-element\">\n                  <!----><span class=\"h-svg-icon h-icon__icon style-1153-icon style-local-2062-c9-icon\"><!--Icon by Icons8 Line Awesome (https:\/\/icons8.com\/line-awesome)--><svg version=\"1.1\" xmlns=\"http:\/\/www.w3.org\/2000\/svg\" xmlns:xlink=\"http:\/\/www.w3.org\/1999\/xlink\" id=\"globe\" viewBox=\"0 0 512 545.5\"><path d=\"M256 96c105.85 0 192 86.15 192 192s-86.15 192-192 192S64 393.85 64 288 150.15 96 256 96zm0 32c-4.365 0-8.725.66-13 1l35.5 2.5 8.5 37-48 9-13-18-27.5 6L208 208l-64 30.5-43 34 15.5 31.5H176l64.5 48.5-17 64L241 447c4.913.45 9.967 1 15 1 24.67 0 48.16-5.586 69-15.5l25.5-80s-11.788-29-13.5-29-33.5 5.5-33.5 5.5l-31-25.5 15.5-48 27.5-20.5 28-4 26 16 11-20-43-14-34.5 11-2.5-33 14-12 17 7.5-3-32 13-1.5c-24.724-15.633-54.002-25-85.5-25zm-18 1c-12.907 1.427-25.216 4.203-37 8.5l12 2zM97 300.5c5.036 65.723 49.095 120.422 109.5 140l-45.5-56h-18.5l-30-33v-33z\"><\/path><\/svg><\/span><\/div>\n                <div\n                  data-colibri-id=\"2062-c10\" class=\"h-global-transition-all h-heading style-1154 style-local-2062-c10 position-relative h-element\">\n                  <!---->\n                  <div class=\"h-heading__outer style-1154 style-local-2062-c10\">\n                    <!---->\n                    <!---->\n                    <h5 class=\"\">wybrany j\u0119zyk<\/h5>\n                  <\/div>\n              <\/div>\n              <div data-colibri-id=\"2062-c11\" class=\"h-text h-text-component style-1155 style-local-2062-c11 position-relative h-element\">\n                <!---->\n                <!---->\n                <div class=\"\">\n                  <p>W zale\u017cno\u015bci od wybranego j\u0119zyka b\u0105d\u017a kursu ceny mog\u0105 si\u0119 mi\u0119dzy sob\u0105 r\u00f3\u017cni\u0107.&nbsp;<\/p>\n                <\/div>\n              <\/div>\n            <\/div>\n          <\/div>\n        <\/div>\n        <div class=\"h-column h-column-container d-flex h-col-lg-4 h-col-md-4 h-col-12 style-1152-outer style-local-2062-c12-outer\">\n          <div data-colibri-id=\"2062-c12\" class=\"d-flex h-flex-basis h-column__inner h-px-lg-2 h-px-md-3 h-px-2 v-inner-lg-0 v-inner-md-3 v-inner-2 style-1152 style-local-2062-c12 position-relative\">\n            <!---->\n            <!---->\n            <div class=\"w-100 h-y-container h-column__content h-column__v-align flex-basis-100 align-self-lg-start align-self-md-start align-self-start\">\n              <!---->\n              <div data-colibri-id=\"2062-c13\" class=\"h-icon style-1153 style-local-2062-c13 position-relative h-element\">\n                <!----><span class=\"h-svg-icon h-icon__icon style-1153-icon style-local-2062-c13-icon\"><!--Icon by Font Awesome (https:\/\/fontawesome.com)-->\n    <svg version=\"1.1\" xmlns=\"http:\/\/www.w3.org\/2000\/svg\" xmlns:xlink=\"http:\/\/www.w3.org\/1999\/xlink\" id=\"clock-o\" viewBox=\"0 0 1536 1896.0833\">\n      <path d=\"M896 544v448q0 14-9 23t-23 9H544q-14 0-23-9t-9-23v-64q0-14 9-23t23-9h224V544q0-14 9-23t23-9h64q14 0 23 9t9 23zm416 352q0-148-73-273t-198-198-273-73-273 73-198 198-73 273 73 273 198 198 273 73 273-73 198-198 73-273zm224 0q0 209-103 385.5T1153.5 1561 768 1664t-385.5-103T103 1281.5 0 896t103-385.5T382.5 231 768 128t385.5 103T1433 510.5 1536 896z\"><\/path>\n    <\/svg><\/span><\/div>\n              <div data-colibri-id=\"2062-c14\" class=\"h-global-transition-all h-heading style-1154 style-local-2062-c14 position-relative h-element\">\n                <!---->\n                <div class=\"h-heading__outer style-1154 style-local-2062-c14\">\n                  <!---->\n                  <!---->\n                  <h5 class=\"\">cz\u0119stotliwo\u015b\u0107 zaj\u0119\u0107<\/h5>\n                <\/div>\n              <\/div>\n              <div data-colibri-id=\"2062-c15\" class=\"h-text h-text-component style-1155 style-local-2062-c15 position-relative h-element\">\n                <!---->\n                <!---->\n                <div class=\"\">\n                  <p>Ilo\u015b\u0107 spotka\u0144 w ci\u0105gu tygodnia oraz d\u0142ugo\u015b\u0107 trwania pojedynczej lekcji odgrywa wa\u017cn\u0105 rol\u0119 je\u015bli chodzi\n                    <br>o koszt kursu.<\/p>\n                <\/div>\n              <\/div>\n            <\/div>\n          <\/div>\n        <\/div>\n      <\/div>\n    <\/div>\n    <div data-colibri-id=\"2062-c34\" class=\"h-row-container gutters-row-lg-2 gutters-row-md-2 gutters-row-0 gutters-row-v-lg-2 gutters-row-v-md-2 gutters-row-v-2 style-1163 style-local-2062-c34 position-relative\">\n      <!---->\n      <div class=\"h-row justify-content-lg-center justify-content-md-center justify-content-center align-items-lg-stretch align-items-md-stretch align-items-stretch gutters-col-lg-2 gutters-col-md-2 gutters-col-0 gutters-col-v-lg-2 gutters-col-v-md-2 gutters-col-v-2\">\n        <!---->\n        <div class=\"h-column h-column-container d-flex h-col-lg-auto h-col-md-auto h-col-auto style-1164-outer style-local-2062-c35-outer\">\n          <div data-colibri-id=\"2062-c35\" class=\"d-flex h-flex-basis h-column__inner h-px-lg-2 h-px-md-2 h-px-2 v-inner-lg-2 v-inner-md-2 v-inner-2 style-1164 style-local-2062-c35 position-relative\">\n            <!---->\n            <!---->\n            <div class=\"w-100 h-y-container h-column__content h-column__v-align flex-basis-100 align-self-lg-start align-self-md-start align-self-start\">\n              <!---->\n              <div data-colibri-id=\"2062-c36\" class=\"h-global-transition-all h-heading style-1165 style-local-2062-c36 position-relative h-element\">\n                <!---->\n                <div class=\"h-heading__outer style-1165 style-local-2062-c36\">\n                  <!---->\n                  <!---->\n                  <h1 class=\"\"><strong><br>WYCENA KURSU<\/strong><\/h1>\n                <\/div>\n              <\/div>\n              <div data-colibri-id=\"2062-c44\" class=\"h-global-transition-all h-heading style-1174 style-local-2062-c44 position-relative h-element\">\n                <!---->\n                <div class=\"h-heading__outer style-1174 style-local-2062-c44\">\n                  <!---->\n                  <!---->\n                  <h4 class=\"\">skorzystaj z formularza poni\u017cej<\/h4>\n                <\/div>\n              <\/div>\n              <div data-colibri-id=\"2062-c37\" class=\"h-row-container gutters-row-lg-2 gutters-row-md-2 gutters-row-0 gutters-row-v-lg-2 gutters-row-v-md-2 gutters-row-v-2 style-1166 style-local-2062-c37 position-relative\">\n                <!---->\n                <div class=\"h-row justify-content-lg-center justify-content-md-center justify-content-center align-items-lg-stretch align-items-md-stretch align-items-stretch gutters-col-lg-2 gutters-col-md-2 gutters-col-0 gutters-col-v-lg-2 gutters-col-v-md-2 gutters-col-v-2\">\n                  <!---->\n                  <div class=\"h-column h-column-container d-flex h-col-lg-auto h-col-md-auto h-col-auto style-1167-outer style-local-2062-c38-outer\">\n                    <div data-colibri-id=\"2062-c38\" class=\"d-flex h-flex-basis h-column__inner h-px-lg-3 h-px-md-3 h-px-3 v-inner-lg-3 v-inner-md-3 v-inner-3 style-1167 style-local-2062-c38 position-relative\">\n                      <!---->\n                      <!---->\n                      <div class=\"w-100 h-y-container h-column__content h-column__v-align flex-basis-100 align-self-lg-start align-self-md-start align-self-start\">\n                        <!---->\n                        <div data-colibri-id=\"2062-c40\" class=\"h-contact-form__outer--forminator position-relative h-element\">\n                          <!---->\n                          <div class=\"h-global-transition-all h-global-transition h-global-transition-all h-contact-form-shortcode--no-style\"><div class=\"forminator-ui forminator-custom-form forminator-custom-form-2047 forminator-design--default  \" data-forminator-render=\"0\" data-form=\"forminator-module-2047\" data-uid=\"69f2fde7b8194\"><br\/><\/div><form\n\t\t\t\tid=\"forminator-module-2047\"\n\t\t\t\tclass=\"forminator-ui forminator-custom-form forminator-custom-form-2047 forminator-design--default  \"\n\t\t\t\tmethod=\"post\"\n\t\t\t\tdata-forminator-render=\"0\"\n\t\t\t\tdata-form-id=\"2047\"\n\t\t\t\t\n\t\t\t\tdata-design=\"default\"\n\t\t\t\t\n\t\t\t\t\n\t\t\t\t\n\t\t\t\tdata-grid=\"open\"\n\t\t\t\t\n\t\t\t\t\n\t\t\t\tstyle=\"display: none;\"\n\t\t\t\t\n\t\t\t\tdata-uid=\"69f2fde7b8194\"\n\t\t\t><div role=\"alert\" aria-live=\"polite\" class=\"forminator-response-message forminator-error\" aria-hidden=\"true\"><\/div><div class=\"forminator-row\"><div id=\"checkbox-1\" class=\"forminator-field-checkbox forminator-col forminator-col-12 \"><div role=\"group\" class=\"forminator-field required\" aria-labelledby=\"forminator-checkbox-group-69f2fde7b8194-label\"><h4 id=\"forminator-checkbox-group-69f2fde7b8194-label\" class=\"forminator-label\">J\u0119zyk \/ Kurs <span class=\"forminator-required\">*<\/span><\/h4><label id=\"forminator-field-checkbox-1-1-69f2fde7b8194-label\" for=\"forminator-field-checkbox-1-1-69f2fde7b8194\" class=\"forminator-checkbox forminator-checkbox-inline\" title=\"j\u0119zyk angielski\"><input type=\"checkbox\" name=\"checkbox-1[]\" value=\"service-1\" id=\"forminator-field-checkbox-1-1-69f2fde7b8194\" aria-labelledby=\"forminator-field-checkbox-1-1-69f2fde7b8194-label\" data-calculation=\"0\"   aria-describedby=\"forminator-field-checkbox-1-69f2fde7b8194-description\"\/><span class=\"forminator-checkbox-box\" aria-hidden=\"true\"><\/span><span class=\"forminator-checkbox-label\">j\u0119zyk angielski<\/span><\/label><label id=\"forminator-field-checkbox-1-2-69f2fde7b8194-label\" for=\"forminator-field-checkbox-1-2-69f2fde7b8194\" class=\"forminator-checkbox forminator-checkbox-inline\" title=\"j\u0119zyk hiszpa\u0144ski\"><input type=\"checkbox\" name=\"checkbox-1[]\" value=\"service-2\" id=\"forminator-field-checkbox-1-2-69f2fde7b8194\" aria-labelledby=\"forminator-field-checkbox-1-2-69f2fde7b8194-label\" data-calculation=\"0\"   aria-describedby=\"forminator-field-checkbox-1-69f2fde7b8194-description\"\/><span class=\"forminator-checkbox-box\" aria-hidden=\"true\"><\/span><span class=\"forminator-checkbox-label\">j\u0119zyk hiszpa\u0144ski<\/span><\/label><label id=\"forminator-field-checkbox-1-3-69f2fde7b8194-label\" for=\"forminator-field-checkbox-1-3-69f2fde7b8194\" class=\"forminator-checkbox forminator-checkbox-inline\" title=\"inny\"><input type=\"checkbox\" name=\"checkbox-1[]\" value=\"inny\" id=\"forminator-field-checkbox-1-3-69f2fde7b8194\" aria-labelledby=\"forminator-field-checkbox-1-3-69f2fde7b8194-label\" data-calculation=\"0\"   aria-describedby=\"forminator-field-checkbox-1-69f2fde7b8194-description\"\/><span class=\"forminator-checkbox-box\" aria-hidden=\"true\"><\/span><span class=\"forminator-checkbox-label\">inny<\/span><\/label><\/div><\/div><\/div><div class=\"forminator-row\"><div id=\"textarea-1\" class=\"forminator-field-textarea forminator-col forminator-col-12 \"><div class=\"forminator-field\"><label for=\"forminator-field-textarea-1_69f2fde7b8194\" id=\"forminator-field-textarea-1_69f2fde7b8194-label\" class=\"forminator-label\">inny j\u0119zyk \/ kurs<\/label><textarea name=\"textarea-1\" placeholder=\"\" id=\"forminator-field-textarea-1_69f2fde7b8194\" class=\"forminator-textarea\" rows=\"6\" style=\"min-height:px;\" maxlength=\"50\" ><\/textarea><span id=\"forminator-field-textarea-1_69f2fde7b8194-description\" class=\"forminator-description\"><span data-limit=\"50\" data-type=\"characters\">0 \/ 50<\/span><\/span><\/div><\/div><\/div><div class=\"forminator-row\"><div id=\"name-1\" class=\"forminator-field-name forminator-col forminator-col-12 \"><div class=\"forminator-row forminator-no-margin\" data-multiple=\"true\"><div class=\"forminator-col forminator-col-md-6\"><div class=\"forminator-field\"><label for=\"forminator-field-first-name-1_69f2fde7b8194\" class=\"forminator-label\" id=\"forminator-field-first-name-1_69f2fde7b8194-label\">Imi\u0119 <span class=\"forminator-required\">*<\/span><\/label><input type=\"text\" name=\"name-1-first-name\" placeholder=\"Na przyk\u0142ad: Jan\" id=\"forminator-field-first-name-1_69f2fde7b8194\" class=\"forminator-input\" aria-required=\"true\" data-multi=\"1\" value=\"\" \/><\/div><\/div><div class=\"forminator-col forminator-col-md-6\"><div class=\"forminator-field\"><label for=\"forminator-field-last-name-1_69f2fde7b8194\" class=\"forminator-label\" id=\"forminator-field-last-name-1_69f2fde7b8194-label\">Nazwisko<\/label><input type=\"text\" name=\"name-1-last-name\" placeholder=\"Na przyk\u0142ad: Kowalski\" id=\"forminator-field-last-name-1_69f2fde7b8194\" class=\"forminator-input\" aria-required=\"false\" data-multi=\"1\" value=\"\" \/><\/div><\/div><\/div><\/div><\/div><div class=\"forminator-row\"><div id=\"email-1\" class=\"forminator-field-email forminator-col forminator-col-12 \"><div class=\"forminator-field\"><label for=\"forminator-field-email-1_69f2fde7b8194\" class=\"forminator-label\" id=\"forminator-field-email-1_69f2fde7b8194-label\">Adres e-mail <span class=\"forminator-required\">*<\/span><\/label><input type=\"email\" name=\"email-1\" value=\"\" placeholder=\"Na przyk\u0142ad: jan@kowalski.com\" id=\"forminator-field-email-1_69f2fde7b8194\" class=\"forminator-input forminator-email--field\" data-required=\"true\" aria-required=\"true\" \/><\/div><\/div><\/div><div class=\"forminator-row\"><div id=\"phone-1\" class=\"forminator-field-phone forminator-col forminator-col-12 \"><div class=\"forminator-field\"><label for=\"forminator-field-phone-1_69f2fde7b8194\" class=\"forminator-label\" id=\"forminator-field-phone-1_69f2fde7b8194-label\">Numer telefonu <span class=\"forminator-required\">*<\/span><\/label><input type=\"text\" name=\"phone-1\" value=\"\" placeholder=\"Przyk\u0142ad. +48 100 200 300\" id=\"forminator-field-phone-1_69f2fde7b8194\" class=\"forminator-input forminator-field--phone\" data-required=\"1\" aria-required=\"true\" autocomplete=\"off\" data-validation=\"1\" \/><\/div><\/div><\/div><div class=\"forminator-row\"><div id=\"consent-1\" class=\"forminator-field-consent forminator-col forminator-col-12 \"><div class=\"forminator-field\"><label for=\"forminator-field-consent-1_69f2fde7b8194\" class=\"forminator-label\">Zgoda na przetwarzanie informacji <span class=\"forminator-required\">*<\/span><\/label><div class=\"forminator-checkbox__wrapper\"><label for=\"forminator-field-consent-1_69f2fde7b8194\" id=\"forminator-field-consent-1_69f2fde7b8194__label\" class=\"forminator-checkbox forminator-consent\" style=\"margin: 0;\"><input type=\"checkbox\" name=\"consent-1\" id=\"forminator-field-consent-1_69f2fde7b8194\" value=\"checked\" aria-labelledby=\"forminator-field-consent-1_69f2fde7b8194-label\" aria-describedby=\"forminator-field-consent-1_69f2fde7b8194__description\" data-required=\"true\" aria-required=\"true\" \/><span class=\"forminator-checkbox-box\" aria-hidden=\"true\"><\/span><\/label><div id=\"forminator-field-consent-1_69f2fde7b8194__description\" class=\"forminator-checkbox__label forminator-consent__label\"><p>Klikaj\u0105c \u201ePopro\u015b o wycen\u0119\u201d zgadzasz si\u0119 na przetwarzanie Twoich danych w celu otrzymania oferty handlowej na podstawie przekazanych informacji, w tym na kontakt telefoniczny lub mailowy w tej sprawie.<\/p>\n<p>Zgadzam si\u0119 na otrzymywanie od Akademia Depende Anna Furman J\u0119drys z siedzib\u0105 w Radzyniu Podlaskim przy ul. Warszawskiej 24, 21-300 Radzy\u0144 Podlaski wiadomo\u015bci e-mail w celu otrzymania oferty handlowej. Administratorem Twoich danych jest Akademia Depende Anna Furman-J\u0119drys, Warszawska 24, 21-300 Radzy\u0144 Podlaski.<\/p>\n<p>Pami\u0119taj, \u017ce w ka\u017cdej chwili mo\u017cesz wycofa\u0107 zgod\u0119, a tak\u017ce uzyska\u0107 wi\u0119cej informacji o zasadach przetwarzania danych.<\/p><\/div><\/div><\/div><\/div><\/div><div class=\"forminator-row\"><div id=\"captcha-1\" class=\"forminator-field-captcha forminator-col forminator-col-12 \"><div class=\"forminator-g-recaptcha\" data-theme=\"light\"  data-sitekey=\"6Ld5WCQoAAAAAB61DhfBnll8wI8l7NBYHlrr5vKk\" data-size=\"normal\"><\/div> <\/div><\/div><input type=\"hidden\" name=\"referer_url\" value=\"\" \/><div class=\"forminator-row forminator-row-last\"><div class=\"forminator-col\"><div class=\"forminator-field\"><button class=\"forminator-button forminator-button-submit\">Popro\u015b o wycen\u0119<\/button><\/div><\/div><\/div><input type=\"hidden\" id=\"forminator_nonce\" name=\"forminator_nonce\" value=\"77e6b48a9e\" \/><input type=\"hidden\" name=\"_wp_http_referer\" value=\"\/index.php\/wp-json\/wp\/v2\/pages\/2062\" \/><input type=\"hidden\" name=\"form_id\" value=\"2047\"><input type=\"hidden\" name=\"page_id\" value=\"2062\"><input type=\"hidden\" name=\"form_type\" value=\"default\"><input type=\"hidden\" name=\"current_url\" value=\"https:\/\/akademia.depende.eu\/index.php\/wycena\/\"><input type=\"hidden\" name=\"render_id\" value=\"0\"><input type=\"hidden\" name=\"action\" value=\"forminator_submit_form_custom-forms\"><label for=\"input_7\" class=\"forminator-hidden\" aria-hidden=\"true\">Prosz\u0119 nie wype\u0142nia\u0107 tego pola. <input id=\"input_7\" type=\"text\" name=\"input_7\" value=\"\" autocomplete=\"off\"><\/label><\/form><\/div>\n                        <\/div>\n                      <\/div>\n                    <\/div>\n                  <\/div>\n                <\/div>\n              <\/div>\n            <\/div>\n          <\/div>\n        <\/div>\n      <\/div>\n    <\/div>\n  <\/div>\n<\/div>\n<\/div>","protected":false},"excerpt":{"rendered":"<p>Wycena uzale\u017cniona jest od kilku czynnik\u00f3w: ilo\u015b\u0107 os\u00f3b w grupie Cena kursu zale\u017cy od liczebno\u015bci os\u00f3b w danej grupie. Im wi\u0119cej os\u00f3b tym cena za kurs b\u0119dzie korzystniejsza. Inna cena jest za kurs w grupie a inna za zaj\u0119cia indywidulane jeden na jeden. wybrany j\u0119zyk W zale\u017cno\u015bci od wybranego j\u0119zyka b\u0105d\u017a kursu ceny mog\u0105 si\u0119 [&hellip;]<\/p>\n","protected":false},"author":1,"featured_media":0,"parent":0,"menu_order":0,"comment_status":"closed","ping_status":"closed","template":"page-templates\/full-width-page.php","meta":{"_themeisle_gutenberg_block_has_review":false,"footnotes":""},"_links":{"self":[{"href":"https:\/\/akademia.depende.eu\/index.php\/wp-json\/wp\/v2\/pages\/2062"}],"collection":[{"href":"https:\/\/akademia.depende.eu\/index.php\/wp-json\/wp\/v2\/pages"}],"about":[{"href":"https:\/\/akademia.depende.eu\/index.php\/wp-json\/wp\/v2\/types\/page"}],"author":[{"embeddable":true,"href":"https:\/\/akademia.depende.eu\/index.php\/wp-json\/wp\/v2\/users\/1"}],"replies":[{"embeddable":true,"href":"https:\/\/akademia.depende.eu\/index.php\/wp-json\/wp\/v2\/comments?post=2062"}],"version-history":[{"count":8,"href":"https:\/\/akademia.depende.eu\/index.php\/wp-json\/wp\/v2\/pages\/2062\/revisions"}],"predecessor-version":[{"id":2207,"href":"https:\/\/akademia.depende.eu\/index.php\/wp-json\/wp\/v2\/pages\/2062\/revisions\/2207"}],"wp:attachment":[{"href":"https:\/\/akademia.depende.eu\/index.php\/wp-json\/wp\/v2\/media?parent=2062"}],"curies":[{"name":"wp","href":"https:\/\/api.w.org\/{rel}","templated":true}]}}